{"id":7880,"date":"2018-05-07T14:56:34","date_gmt":"2018-05-07T12:56:34","guid":{"rendered":"http:\/\/www.erichsinzinger.at\/?page_id=7880"},"modified":"2024-11-13T18:08:53","modified_gmt":"2024-11-13T17:08:53","slug":"erich-sinzinger-about","status":"publish","type":"page","link":"http:\/\/architektur.erichsinzinger.at\/index.php\/erich-sinzinger-about\/","title":{"rendered":"Erich Sinzinger Architekturfotografie_Kontakt"},"content":{"rendered":"<div id='av_section_1'  class='avia-section av-12mnm14-e678cdd9f6d4a878457850fdb3a089d9 main_color avia-section-default avia-no-border-styling  avia-builder-el-0  el_before_av_section  avia-builder-el-first  avia-bg-style-scroll container_wrap fullsize'  ><div class='container av-section-cont-open' ><main  role=\"main\" itemprop=\"mainContentOfPage\"  class='template-page content  av-content-full alpha units'><div class='post-entry post-entry-type-page post-entry-7880'><div class='entry-content-wrapper clearfix'>\n\n<style type=\"text\/css\" data-created_by=\"avia_inline_auto\" id=\"style-css-av-zv208o-15e6c1b145fb52c34b37104343486603\">\n.flex_column.av-zv208o-15e6c1b145fb52c34b37104343486603{\nborder-radius:0px 0px 0px 0px;\n-webkit-border-radius:0px 0px 0px 0px;\n-moz-border-radius:0px 0px 0px 0px;\n}\n<\/style>\n<div class='flex_column av-zv208o-15e6c1b145fb52c34b37104343486603 av_one_third  avia-builder-el-1  el_before_av_three_fifth  avia-builder-el-first  first flex_column_div av-zero-column-padding '   ><p>\n<style type=\"text\/css\" data-created_by=\"avia_inline_auto\" id=\"style-css-av-uw88zc-083a4d79425f8df5a0be9b4c0a9eac66\">\n#top .av_textblock_section.av-uw88zc-083a4d79425f8df5a0be9b4c0a9eac66 .avia_textblock{\nfont-size:14px;\ncolor:#ffffff;\n}\n<\/style>\n<section  class='av_textblock_section av-uw88zc-083a4d79425f8df5a0be9b4c0a9eac66'  itemscope=\"itemscope\" itemtype=\"https:\/\/schema.org\/CreativeWork\" ><div class='avia_textblock av_inherit_color'  itemprop=\"text\" ><p><strong>..<\/strong><\/p>\n<\/div><\/section><br \/>\n\n<style type=\"text\/css\" data-created_by=\"avia_inline_auto\" id=\"style-css-av-lo6w767h-29cda7dfe752881e0deabfa8384a1804\">\n.avia-image-container.av-lo6w767h-29cda7dfe752881e0deabfa8384a1804 .av-image-caption-overlay-center{\ncolor:#ffffff;\n}\n<\/style>\n<div  class='avia-image-container av-lo6w767h-29cda7dfe752881e0deabfa8384a1804 av-styling- avia-align-left  avia-builder-el-3  el_after_av_textblock  avia-builder-el-last '  itemprop=\"image\" itemscope=\"itemscope\" itemtype=\"https:\/\/schema.org\/ImageObject\" ><div class=\"avia-image-container-inner\"><div class=\"avia-image-overlay-wrap\"><img decoding=\"async\" class='wp-image-9723 avia-img-lazy-loading-not-9723 avia_image' src=\"http:\/\/architektur.erichsinzinger.at\/wp-content\/uploads\/ERSI2021_685_8122-1.jpg\" alt='' title=''  height=\"1400\" width=\"973\"  itemprop=\"thumbnailUrl\" srcset=\"http:\/\/architektur.erichsinzinger.at\/wp-content\/uploads\/ERSI2021_685_8122-1.jpg 973w, http:\/\/architektur.erichsinzinger.at\/wp-content\/uploads\/ERSI2021_685_8122-1-209x300.jpg 209w, http:\/\/architektur.erichsinzinger.at\/wp-content\/uploads\/ERSI2021_685_8122-1-490x705.jpg 490w, http:\/\/architektur.erichsinzinger.at\/wp-content\/uploads\/ERSI2021_685_8122-1-450x647.jpg 450w\" sizes=\"(max-width: 973px) 100vw, 973px\" \/><\/div><\/div><\/div><\/p><\/div>\n<style type=\"text\/css\" data-created_by=\"avia_inline_auto\" id=\"style-css-av-zv208o-8-bd073a64cafdb0dc615c4b75cc8289ce\">\n.flex_column.av-zv208o-8-bd073a64cafdb0dc615c4b75cc8289ce{\nborder-radius:0px 0px 0px 0px;\n-webkit-border-radius:0px 0px 0px 0px;\n-moz-border-radius:0px 0px 0px 0px;\n}\n<\/style>\n<div class='flex_column av-zv208o-8-bd073a64cafdb0dc615c4b75cc8289ce av_three_fifth  avia-builder-el-4  el_after_av_one_third  avia-builder-el-last  flex_column_div av-zero-column-padding '   ><p>\n<style type=\"text\/css\" data-created_by=\"avia_inline_auto\" id=\"style-css-av-uw88zc-7-d613244e06c7562f0e72ebd47ef87816\">\n#top .av_textblock_section.av-uw88zc-7-d613244e06c7562f0e72ebd47ef87816 .avia_textblock{\nfont-size:14px;\ncolor:#ffffff;\n}\n<\/style>\n<section  class='av_textblock_section av-uw88zc-7-d613244e06c7562f0e72ebd47ef87816'  itemscope=\"itemscope\" itemtype=\"https:\/\/schema.org\/CreativeWork\" ><div class='avia_textblock av_inherit_color'  itemprop=\"text\" ><p><strong>..<\/strong><\/p>\n<\/div><\/section><br \/>\n<section  class='av_textblock_section av-29zebqr-5ae942f59906c1343ab114efc36331c2'  itemscope=\"itemscope\" itemtype=\"https:\/\/schema.org\/CreativeWork\" ><div class='avia_textblock'  itemprop=\"text\" ><h2>About<\/h2>\n<\/div><\/section><br \/>\n\n<style type=\"text\/css\" data-created_by=\"avia_inline_auto\" id=\"style-css-av-yeopvc-ca3ff225e0613959bad6938549db99b7\">\n#top .av_textblock_section.av-yeopvc-ca3ff225e0613959bad6938549db99b7 .avia_textblock{\nfont-size:24px;\ncolor:#232323;\n}\n<\/style>\n<section  class='av_textblock_section av-yeopvc-ca3ff225e0613959bad6938549db99b7'  itemscope=\"itemscope\" itemtype=\"https:\/\/schema.org\/CreativeWork\" ><div class='avia_textblock av_inherit_color'  itemprop=\"text\" ><div>\n<div data-pm-slice=\"1 1 &#091;&#093;\" data-en-clipboard=\"true\">\n<p>Ich bin freiberuflicher Fotograf aus Ober\u00f6sterreich und arbeite schwerpunktm\u00e4\u00dfig in der Architektur- und Unternehmensfotografie.<\/p>\n<p>Nach meinem Studium in Salzburg arbeitete ich gro\u00dfteils f\u00fcr Konzerne im Bereich Vertrieb und Marketing. Meine fotografische Ausbildung an der Prager Fotoschule war der Startschu\u00df in eine neue berufliche Herausforderung.<\/p>\n<p>Als Fotograf unterst\u00fctze ich Unternehmen dabei, in der \u00d6ffentlichkeit sichtbar zu werden.<span class=\"Apple-converted-space\">\u00a0 <\/span>Unternehmer stehen heute in einem hohen Wahrnehmungswettbewerb. Eine aussagekr\u00e4ftige Kommunikation \u00fcber die eigene Arbeit wird immer wichtiger. Beeindruckende Fotos \u00fcber ihre Kernkompetenzen, ihre Projekte und sie als Arbeitgeber bilden f\u00fcr die \u00f6ffentliche Wahrnehmung die Basis.<span class=\"Apple-converted-space\">\u00a0<\/span><\/p>\n<p>F\u00fcr die Bereiche Architekturfotografie, Unternehmensfotografie, Produktfotografie und Mitarbeiterportraits stehe ich ihnen sehr gerne zur Verf\u00fcgung. Schreiben sie mir oder rufen sie mich an und lassen sie uns dar\u00fcber sprechen wie ich sie dabei unterst\u00fctzen kann ihre Ziele zu erreichen.<\/p>\n<\/div>\n<div><\/div>\n<div><\/div>\n<div><\/div>\n<\/div>\n<div><\/div>\n<\/div><\/section><br \/>\n\n<style type=\"text\/css\" data-created_by=\"avia_inline_auto\" id=\"style-css-av-uw88zc-5-bddc35d69539b7ce84e54c8cac63ee74\">\n#top .av_textblock_section.av-uw88zc-5-bddc35d69539b7ce84e54c8cac63ee74 .avia_textblock{\nfont-size:14px;\ncolor:#ffffff;\n}\n<\/style>\n<section  class='av_textblock_section av-uw88zc-5-bddc35d69539b7ce84e54c8cac63ee74'  itemscope=\"itemscope\" itemtype=\"https:\/\/schema.org\/CreativeWork\" ><div class='avia_textblock av_inherit_color'  itemprop=\"text\" ><p><strong>..<\/strong><\/p>\n<\/div><\/section><br \/>\n\n<style type=\"text\/css\" data-created_by=\"avia_inline_auto\" id=\"style-css-av-uw88zc-2-f694849bf3c75ce8bbedb40bca5e3942\">\n#top .av_textblock_section.av-uw88zc-2-f694849bf3c75ce8bbedb40bca5e3942 .avia_textblock{\nfont-size:14px;\ncolor:#ffffff;\n}\n<\/style>\n<section  class='av_textblock_section av-uw88zc-2-f694849bf3c75ce8bbedb40bca5e3942'  itemscope=\"itemscope\" itemtype=\"https:\/\/schema.org\/CreativeWork\" ><div class='avia_textblock av_inherit_color'  itemprop=\"text\" ><p><strong>..<\/strong><\/p>\n<\/div><\/section><br \/>\n\n<style type=\"text\/css\" data-created_by=\"avia_inline_auto\" id=\"style-css-av-yeopvc-3-dd0f653c46c96bb020aab9269283690e\">\n#top .av_textblock_section.av-yeopvc-3-dd0f653c46c96bb020aab9269283690e .avia_textblock{\nfont-size:18px;\ncolor:#232323;\n}\n<\/style>\n<section  class='av_textblock_section av-yeopvc-3-dd0f653c46c96bb020aab9269283690e'  itemscope=\"itemscope\" itemtype=\"https:\/\/schema.org\/CreativeWork\" ><div class='avia_textblock av_inherit_color'  itemprop=\"text\" ><div>\n<div data-pm-slice=\"1 1 &#091;&#093;\" data-en-clipboard=\"true\">\n<p>Erich Sinzinger<br \/>\nTel: +43 676 3814569<br \/>\n<a href=\"mailto:office@erichsinzinger.at\">office@erichsinzinger.at<\/a><\/p>\n<p><a href=\"https:\/\/calendly.com\/office-erichsinzinger\/30min\" target=\"_blank\" rel=\"noopener\">Zur Terminvereinbarung<\/a><\/p>\n<\/div>\n<div><\/div>\n<\/div>\n<div><\/div>\n<\/div><\/section><\/p><\/div><\/div><\/div><\/main><!-- close content main element --><\/div><\/div>\n<style type=\"text\/css\" data-created_by=\"avia_inline_auto\" id=\"style-css-av-emlm34x-f7d4a95522c4244d6edbeb8bca63fa53\">\n.avia-section.av-emlm34x-f7d4a95522c4244d6edbeb8bca63fa53{\nbackground-color:#ffffff;\nbackground-image:unset;\n}\n<\/style>\n<div id='av_section_2'  class='avia-section av-emlm34x-f7d4a95522c4244d6edbeb8bca63fa53 main_color avia-section-default avia-no-border-styling  avia-builder-el-11  el_after_av_section  avia-builder-el-last  avia-bg-style-scroll container_wrap fullsize'  ><div class='container av-section-cont-open' ><div class='template-page content  av-content-full alpha units'><div class='post-entry post-entry-type-page post-entry-7880'><div class='entry-content-wrapper clearfix'>\n\n<style type=\"text\/css\" data-created_by=\"avia_inline_auto\" id=\"style-css-av-zv208o-6-0f9290b362dca0f84d623ea72a03db98\">\n.flex_column.av-zv208o-6-0f9290b362dca0f84d623ea72a03db98{\nborder-radius:0px 0px 0px 0px;\n-webkit-border-radius:0px 0px 0px 0px;\n-moz-border-radius:0px 0px 0px 0px;\n}\n<\/style>\n<div class='flex_column av-zv208o-6-0f9290b362dca0f84d623ea72a03db98 av_one_third  avia-builder-el-12  el_before_av_two_third  avia-builder-el-first  first flex_column_div av-zero-column-padding '   ><\/div>\n<style type=\"text\/css\" data-created_by=\"avia_inline_auto\" id=\"style-css-av-zv208o-1-460b6acca0159a7e80e295b66310ef07\">\n.flex_column.av-zv208o-1-460b6acca0159a7e80e295b66310ef07{\nborder-radius:0px 0px 0px 0px;\n-webkit-border-radius:0px 0px 0px 0px;\n-moz-border-radius:0px 0px 0px 0px;\n}\n<\/style>\n<div class='flex_column av-zv208o-1-460b6acca0159a7e80e295b66310ef07 av_two_third  avia-builder-el-13  el_after_av_one_third  el_before_av_one_full  flex_column_div av-zero-column-padding '   ><section  class='av_textblock_section av-29zebqr-4-305222b64d7fcc2fe674e1cec37bd5b5'  itemscope=\"itemscope\" itemtype=\"https:\/\/schema.org\/CreativeWork\" ><div class='avia_textblock'  itemprop=\"text\" ><h2>Referenzen<\/h2>\n<\/div><\/section><\/div>\n<style type=\"text\/css\" data-created_by=\"avia_inline_auto\" id=\"style-css-av-dwzwxj5-40623d521475ad57030c647e97f9697b\">\n.flex_column.av-dwzwxj5-40623d521475ad57030c647e97f9697b{\nborder-radius:0px 0px 0px 0px;\n-webkit-border-radius:0px 0px 0px 0px;\n-moz-border-radius:0px 0px 0px 0px;\n}\n<\/style>\n<div class='flex_column av-dwzwxj5-40623d521475ad57030c647e97f9697b av_one_full  avia-builder-el-15  el_after_av_two_third  el_before_av_textblock  first flex_column_div av-zero-column-padding column-top-margin'   ><div   data-autoplay='true'  data-interval='5'  data-animation='slide'  class='avia-logo-element-container av-kze59aea-345c007f9da06677d707e3b0134bf216 av-border-deactivate avia-logo-slider avia-content-slider avia-smallarrow-slider avia-content-slider-active noHover avia-content-slider-even  avia-builder-el-16  avia-builder-el-no-sibling  avia-content-slider1'><div class='avia-smallarrow-slider-heading  no-logo-slider-navigation  no-logo-slider-heading '><\/div><div class=\"avia-content-slider-inner\"><div class=\"slide-entry-wrap\"><div  class='slide-entry av-do1a4td-35112d854f55c59d2fd8c590b07cd770 flex_column no_margin av_one_sixth real-thumbnail post-entry slide-entry-overview slide-loop-1 slide-parity-odd  first'><img decoding=\"async\" width=\"392\" height=\"248\" src=\"http:\/\/architektur.erichsinzinger.at\/wp-content\/uploads\/W_Ducre.jpg\" class=\"wp-image-11183 avia-img-lazy-loading-not-11183 attachment-portfolio size-portfolio\" alt=\"\" srcset=\"http:\/\/architektur.erichsinzinger.at\/wp-content\/uploads\/W_Ducre.jpg 392w, http:\/\/architektur.erichsinzinger.at\/wp-content\/uploads\/W_Ducre-300x190.jpg 300w\" sizes=\"(max-width: 392px) 100vw, 392px\" \/><\/div><div  class='slide-entry av-d2hqw81-1cec26c91b09596c71e6c583fbb53fa7 flex_column no_margin av_one_sixth real-thumbnail post-entry slide-entry-overview slide-loop-2 slide-parity-even  '><img decoding=\"async\" width=\"495\" height=\"360\" src=\"http:\/\/architektur.erichsinzinger.at\/wp-content\/uploads\/simmo-1-495x360.jpg\" class=\"wp-image-7259 avia-img-lazy-loading-not-7259 attachment-portfolio size-portfolio\" alt=\"\" \/><\/div><div  class='slide-entry av-cip569t-52957bcd36732d32e32381472cfdb6c3 flex_column no_margin av_one_sixth real-thumbnail post-entry slide-entry-overview slide-loop-3 slide-parity-odd  '><img decoding=\"async\" width=\"392\" height=\"248\" src=\"http:\/\/architektur.erichsinzinger.at\/wp-content\/uploads\/Gaulhofer.jpg\" class=\"wp-image-11187 avia-img-lazy-loading-not-11187 attachment-portfolio size-portfolio\" alt=\"\" srcset=\"http:\/\/architektur.erichsinzinger.at\/wp-content\/uploads\/Gaulhofer.jpg 392w, http:\/\/architektur.erichsinzinger.at\/wp-content\/uploads\/Gaulhofer-300x190.jpg 300w\" sizes=\"(max-width: 392px) 100vw, 392px\" \/><\/div><div  class='slide-entry av-c1fvcip-d9a3f0725b30d7d62f9f82220d7dd9db flex_column no_margin av_one_sixth real-thumbnail post-entry slide-entry-overview slide-loop-4 slide-parity-even  '><img decoding=\"async\" width=\"392\" height=\"248\" src=\"http:\/\/architektur.erichsinzinger.at\/wp-content\/uploads\/swap.jpg\" class=\"wp-image-11181 avia-img-lazy-loading-not-11181 attachment-portfolio size-portfolio\" alt=\"\" srcset=\"http:\/\/architektur.erichsinzinger.at\/wp-content\/uploads\/swap.jpg 392w, http:\/\/architektur.erichsinzinger.at\/wp-content\/uploads\/swap-300x190.jpg 300w\" sizes=\"(max-width: 392px) 100vw, 392px\" \/><\/div><div  class='slide-entry av-bxy6qpt-1567ce45490a5f3af4c355232affcc65 flex_column no_margin av_one_sixth real-thumbnail post-entry slide-entry-overview slide-loop-5 slide-parity-odd  '><img decoding=\"async\" width=\"392\" height=\"248\" src=\"http:\/\/architektur.erichsinzinger.at\/wp-content\/uploads\/suzuki.jpg\" class=\"wp-image-11180 avia-img-lazy-loading-not-11180 attachment-portfolio size-portfolio\" alt=\"\" srcset=\"http:\/\/architektur.erichsinzinger.at\/wp-content\/uploads\/suzuki.jpg 392w, http:\/\/architektur.erichsinzinger.at\/wp-content\/uploads\/suzuki-300x190.jpg 300w\" sizes=\"(max-width: 392px) 100vw, 392px\" \/><\/div><div  class='slide-entry av-bejikbl-6452df1764e6e9fc5163b94395b28bce flex_column no_margin av_one_sixth real-thumbnail post-entry slide-entry-overview slide-loop-6 slide-parity-even  '><img decoding=\"async\" width=\"392\" height=\"248\" src=\"http:\/\/architektur.erichsinzinger.at\/wp-content\/uploads\/schachinger.jpg\" class=\"wp-image-11178 avia-img-lazy-loading-not-11178 attachment-portfolio size-portfolio\" alt=\"\" srcset=\"http:\/\/architektur.erichsinzinger.at\/wp-content\/uploads\/schachinger.jpg 392w, http:\/\/architektur.erichsinzinger.at\/wp-content\/uploads\/schachinger-300x190.jpg 300w\" sizes=\"(max-width: 392px) 100vw, 392px\" \/><\/div><\/div><div class=\"slide-entry-wrap\"><div  class='slide-entry av-apd8ja9-9a2837ef4ea46be4942c51ffcd0bbadf flex_column no_margin av_one_sixth real-thumbnail post-entry slide-entry-overview slide-loop-7 slide-parity-odd  first'><img decoding=\"async\" width=\"392\" height=\"248\" src=\"http:\/\/architektur.erichsinzinger.at\/wp-content\/uploads\/schrutka-peukert.jpg\" class=\"wp-image-11179 avia-img-lazy-loading-not-11179 attachment-portfolio size-portfolio\" alt=\"\" srcset=\"http:\/\/architektur.erichsinzinger.at\/wp-content\/uploads\/schrutka-peukert.jpg 392w, http:\/\/architektur.erichsinzinger.at\/wp-content\/uploads\/schrutka-peukert-300x190.jpg 300w\" sizes=\"(max-width: 392px) 100vw, 392px\" \/><\/div><div  class='slide-entry av-ad9jish-a78bae75e5c76808504c6db362f334c3 flex_column no_margin av_one_sixth real-thumbnail post-entry slide-entry-overview slide-loop-8 slide-parity-even  '><img decoding=\"async\" width=\"392\" height=\"248\" src=\"http:\/\/architektur.erichsinzinger.at\/wp-content\/uploads\/RTM.jpg\" class=\"wp-image-11177 avia-img-lazy-loading-not-11177 attachment-portfolio size-portfolio\" alt=\"\" srcset=\"http:\/\/architektur.erichsinzinger.at\/wp-content\/uploads\/RTM.jpg 392w, http:\/\/architektur.erichsinzinger.at\/wp-content\/uploads\/RTM-300x190.jpg 300w\" sizes=\"(max-width: 392px) 100vw, 392px\" \/><\/div><div  class='slide-entry av-9yt08ld-647f06caeffbc2eb059d6a4096c8e344 flex_column no_margin av_one_sixth real-thumbnail post-entry slide-entry-overview slide-loop-9 slide-parity-odd  '><img decoding=\"async\" width=\"495\" height=\"360\" src=\"http:\/\/architektur.erichsinzinger.at\/wp-content\/uploads\/intersport-retail-495x360.jpg\" class=\"wp-image-8406 avia-img-lazy-loading-not-8406 attachment-portfolio size-portfolio\" alt=\"\" \/><\/div><div  class='slide-entry av-9n4qco1-c2b5a589fca6b9138488f9130179b723 flex_column no_margin av_one_sixth real-thumbnail post-entry slide-entry-overview slide-loop-10 slide-parity-even  '><img decoding=\"async\" width=\"495\" height=\"360\" src=\"http:\/\/architektur.erichsinzinger.at\/wp-content\/uploads\/delta_logo-495x360.jpg\" class=\"wp-image-8400 avia-img-lazy-loading-not-8400 attachment-portfolio size-portfolio\" alt=\"Delta Holding Wels\" \/><\/div><div  class='slide-entry av-8uwluip-b9dd272265c0cc39efde5de8f55c182a flex_column no_margin av_one_sixth real-thumbnail post-entry slide-entry-overview slide-loop-11 slide-parity-odd  '><img decoding=\"async\" width=\"495\" height=\"360\" src=\"http:\/\/architektur.erichsinzinger.at\/wp-content\/uploads\/createam-neo-495x360.jpg\" class=\"wp-image-8399 avia-img-lazy-loading-not-8399 attachment-portfolio size-portfolio\" alt=\"Createam Neo\" \/><\/div><div  class='slide-entry av-8c8sbi9-f4aa03c91f6be08cd388b4e8a0d1efe5 flex_column no_margin av_one_sixth real-thumbnail post-entry slide-entry-overview slide-loop-12 slide-parity-even  '><img decoding=\"async\" width=\"495\" height=\"360\" src=\"http:\/\/architektur.erichsinzinger.at\/wp-content\/uploads\/dornstaedter2-495x360.jpg\" class=\"wp-image-8338 avia-img-lazy-loading-not-8338 attachment-portfolio size-portfolio\" alt=\"\" \/><\/div><\/div><div class=\"slide-entry-wrap\"><div  class='slide-entry av-7yddxa9-992b4306687e3d42b564f3903a80735d flex_column no_margin av_one_sixth real-thumbnail post-entry slide-entry-overview slide-loop-13 slide-parity-odd  first'><img decoding=\"async\" width=\"495\" height=\"360\" src=\"http:\/\/architektur.erichsinzinger.at\/wp-content\/uploads\/xal1-495x360.jpg\" class=\"wp-image-8290 avia-img-lazy-loading-not-8290 attachment-portfolio size-portfolio\" alt=\"\" \/><\/div><div  class='slide-entry av-7ofkept-fc4f7ecbe6670c41de48cb0cded66214 flex_column no_margin av_one_sixth real-thumbnail post-entry slide-entry-overview slide-loop-14 slide-parity-even  '><img decoding=\"async\" width=\"495\" height=\"360\" src=\"http:\/\/architektur.erichsinzinger.at\/wp-content\/uploads\/thoma-495x360.jpg\" class=\"wp-image-7261 avia-img-lazy-loading-not-7261 attachment-portfolio size-portfolio\" alt=\"\" \/><\/div><div  class='slide-entry av-7agw4o1-5351b32078b8cba94baaa33c2f72f613 flex_column no_margin av_one_sixth real-thumbnail post-entry slide-entry-overview slide-loop-15 slide-parity-odd  '><img decoding=\"async\" width=\"495\" height=\"360\" src=\"http:\/\/architektur.erichsinzinger.at\/wp-content\/uploads\/josko-495x360.jpg\" class=\"wp-image-7247 avia-img-lazy-loading-not-7247 attachment-portfolio size-portfolio\" alt=\"\" \/><\/div><div  class='slide-entry av-6inngn5-dbfc489ac1fe08ec615f1930a8ebfc7c flex_column no_margin av_one_sixth real-thumbnail post-entry slide-entry-overview slide-loop-16 slide-parity-even  '><img decoding=\"async\" width=\"495\" height=\"360\" src=\"http:\/\/architektur.erichsinzinger.at\/wp-content\/uploads\/KEB-495x360.jpg\" class=\"wp-image-7250 avia-img-lazy-loading-not-7250 attachment-portfolio size-portfolio\" alt=\"\" \/><\/div><div  class='slide-entry av-5ps0c3l-4ea765256c35105a2336a52c678d1ddb flex_column no_margin av_one_sixth real-thumbnail post-entry slide-entry-overview slide-loop-17 slide-parity-odd  '><img decoding=\"async\" width=\"495\" height=\"360\" src=\"http:\/\/architektur.erichsinzinger.at\/wp-content\/uploads\/living-invest-495x360.jpg\" class=\"wp-image-7253 avia-img-lazy-loading-not-7253 attachment-portfolio size-portfolio\" alt=\"\" \/><\/div><div  class='slide-entry av-500tzq9-af48bd7680bd5e519db9100641352894 flex_column no_margin av_one_sixth real-thumbnail post-entry slide-entry-overview slide-loop-18 slide-parity-even  '><img decoding=\"async\" width=\"495\" height=\"360\" src=\"http:\/\/architektur.erichsinzinger.at\/wp-content\/uploads\/ISG-495x360.jpg\" class=\"wp-image-7246 avia-img-lazy-loading-not-7246 attachment-portfolio size-portfolio\" alt=\"\" \/><\/div><\/div><div class=\"slide-entry-wrap\"><div  class='slide-entry av-4l7z1b5-2cb51e62e4bd974432ffddfcac23f988 flex_column no_margin av_one_sixth real-thumbnail post-entry slide-entry-overview slide-loop-19 slide-parity-odd  first'><img decoding=\"async\" width=\"495\" height=\"360\" src=\"http:\/\/architektur.erichsinzinger.at\/wp-content\/uploads\/ideenreich-495x360.jpg\" class=\"wp-image-7244 avia-img-lazy-loading-not-7244 attachment-portfolio size-portfolio\" alt=\"\" \/><\/div><div  class='slide-entry av-3epqqap-a4eb01e15e3c9f3a252e2ef8ad0d12f8 flex_column no_margin av_one_sixth real-thumbnail post-entry slide-entry-overview slide-loop-20 slide-parity-even  '><img decoding=\"async\" width=\"392\" height=\"248\" src=\"http:\/\/architektur.erichsinzinger.at\/wp-content\/uploads\/gerryeder-1.jpg\" class=\"wp-image-7241 avia-img-lazy-loading-not-7241 attachment-portfolio size-portfolio\" alt=\"\" srcset=\"http:\/\/architektur.erichsinzinger.at\/wp-content\/uploads\/gerryeder-1.jpg 392w, http:\/\/architektur.erichsinzinger.at\/wp-content\/uploads\/gerryeder-1-300x190.jpg 300w\" sizes=\"(max-width: 392px) 100vw, 392px\" \/><\/div><div  class='slide-entry av-2yvhr35-039ce7a3bc9eb6548890980631fef5e7 flex_column no_margin av_one_sixth real-thumbnail post-entry slide-entry-overview slide-loop-21 slide-parity-odd  '><img decoding=\"async\" width=\"495\" height=\"360\" src=\"http:\/\/architektur.erichsinzinger.at\/wp-content\/uploads\/asoluto-2-495x360.jpg\" class=\"wp-image-7238 avia-img-lazy-loading-not-7238 attachment-portfolio size-portfolio\" alt=\"\" \/><\/div><div  class='slide-entry av-2pit4ht-85c7b60c8e0a44a4dc4afc3626937943 flex_column no_margin av_one_sixth real-thumbnail post-entry slide-entry-overview slide-loop-22 slide-parity-even  '><img decoding=\"async\" width=\"495\" height=\"360\" src=\"http:\/\/architektur.erichsinzinger.at\/wp-content\/uploads\/ceraflex-495x360.jpg\" class=\"wp-image-7236 avia-img-lazy-loading-not-7236 attachment-portfolio size-portfolio\" alt=\"\" \/><\/div><div  class='slide-entry av-6scj5t-bd18b787a10351ad7d1ef46a6ea9b14d flex_column no_margin av_one_sixth real-thumbnail post-entry slide-entry-overview slide-loop-23 slide-parity-odd  '><img decoding=\"async\" width=\"495\" height=\"360\" src=\"http:\/\/architektur.erichsinzinger.at\/wp-content\/uploads\/bohnacker-495x360.jpg\" class=\"wp-image-7233 avia-img-lazy-loading-not-7233 attachment-portfolio size-portfolio\" alt=\"\" \/><\/div><div  class='slide-entry av-1jmq56p-fb67da6e1b83a0efc0426615f15a9bbc flex_column no_margin av_one_sixth real-thumbnail post-entry slide-entry-overview slide-loop-24 slide-parity-even post-entry-last '><img decoding=\"async\" width=\"495\" height=\"360\" src=\"http:\/\/architektur.erichsinzinger.at\/wp-content\/uploads\/haderer-3-495x360.jpg\" class=\"wp-image-7230 avia-img-lazy-loading-not-7230 attachment-portfolio size-portfolio\" alt=\"\" \/><\/div><\/div><\/div><\/div><\/div>\n<style type=\"text\/css\" data-created_by=\"avia_inline_auto\" id=\"style-css-av-3iqcmqt-af358046244fc4c032af9b90947b3a08\">\n#top .av_textblock_section.av-3iqcmqt-af358046244fc4c032af9b90947b3a08 .avia_textblock{\ncolor:#ffffff;\n}\n<\/style>\n<section  class='av_textblock_section av-3iqcmqt-af358046244fc4c032af9b90947b3a08'  itemscope=\"itemscope\" itemtype=\"https:\/\/schema.org\/CreativeWork\" ><div class='avia_textblock av_inherit_color'  itemprop=\"text\" ><p>..<\/p>\n<\/div><\/section>\n<\/p>\n","protected":false},"excerpt":{"rendered":"","protected":false},"author":1,"featured_media":0,"parent":0,"menu_order":0,"comment_status":"closed","ping_status":"closed","template":"","meta":{"footnotes":""},"class_list":["post-7880","page","type-page","status-publish","hentry"],"_links":{"self":[{"href":"http:\/\/architektur.erichsinzinger.at\/index.php\/wp-json\/wp\/v2\/pages\/7880","targetHints":{"allow":["GET"]}}],"collection":[{"href":"http:\/\/architektur.erichsinzinger.at\/index.php\/wp-json\/wp\/v2\/pages"}],"about":[{"href":"http:\/\/architektur.erichsinzinger.at\/index.php\/wp-json\/wp\/v2\/types\/page"}],"author":[{"embeddable":true,"href":"http:\/\/architektur.erichsinzinger.at\/index.php\/wp-json\/wp\/v2\/users\/1"}],"replies":[{"embeddable":true,"href":"http:\/\/architektur.erichsinzinger.at\/index.php\/wp-json\/wp\/v2\/comments?post=7880"}],"version-history":[{"count":241,"href":"http:\/\/architektur.erichsinzinger.at\/index.php\/wp-json\/wp\/v2\/pages\/7880\/revisions"}],"predecessor-version":[{"id":11926,"href":"http:\/\/architektur.erichsinzinger.at\/index.php\/wp-json\/wp\/v2\/pages\/7880\/revisions\/11926"}],"wp:attachment":[{"href":"http:\/\/architektur.erichsinzinger.at\/index.php\/wp-json\/wp\/v2\/media?parent=7880"}],"curies":[{"name":"wp","href":"https:\/\/api.w.org\/{rel}","templated":true}]}}